{"id":49,"date":"2023-05-25T11:32:13","date_gmt":"2023-05-25T11:32:13","guid":{"rendered":"http:\/\/www.beseferenc.hu\/?page_id=49"},"modified":"2023-05-25T11:47:07","modified_gmt":"2023-05-25T11:47:07","slug":"nyitooldal","status":"publish","type":"page","link":"http:\/\/www.beseferenc.hu\/","title":{"rendered":"Tisztelt L\u00e1togat\u00f3k! Kedves Soroks\u00e1riak!"},"content":{"rendered":"\n<p>Szeretettel k\u00f6sz\u00f6nt\u00f6m \u00d6n\u00f6ket honlapomon. B\u00fcszk\u00e9n vallom, hogy Soroks\u00e1r nem csak egy \u00e1tlagos kertv\u00e1ros, nem csup\u00e1n a f\u0151v\u00e1ros egyik ker\u00fclete, hanem egy olyan hely, ahova j\u00f3 hazat\u00e9rni.<br>Mi, Soroks\u00e1riak b\u00fcszk\u00e9k vagyunk a m\u00faltunkra, az egyedi \u00e9s sz\u00ednes kult\u00far\u00e1nkra, \u00e9p\u00edt\u00e9szeti remekeinkre, valamint a ker\u00fclet rendk\u00edv\u00fcli \u00e9s p\u00e1ratlan f\u00f6ldrajzi adotts\u00e1gaira. A t\u00f6k\u00e9letes kertv\u00e1rosi hangulattal, \u00e9s a sok sz\u00e1z \u00e9vre visszany\u00fal\u00f3 kultur\u00e1lis \u00e9s t\u00f6rt\u00e9nelmi hagyom\u00e1nyaival, Soroks\u00e1r a f\u0151v\u00e1ros egyik leg\u00e9rdekesebb sz\u00ednfoltja. Mind az itt lak\u00f3 emberek, mind az idel\u00e1togat\u00f3k sz\u00e1m\u00e1ra sz\u00ednes programokat, kir\u00e1ndul\u00e1si \u00e9s sportol\u00e1si lehet\u0151s\u00e9geket, valamint saj\u00e1tos kultur\u00e1lis esem\u00e9nyeket tartogat eg\u00e9sz \u00e9vben a ker\u00fclet.<br>Ugyanakkor Soroks\u00e1r nem puszt\u00e1n egy telep\u00fcl\u00e9s. A ker\u00fclet igazi arc\u00e1t az itt \u00e9l\u0151 emberek adj\u00e1k. Ez az a hely, ahol a szomsz\u00e9dok ismerik, seg\u00edtik, \u00e9s t\u00e1mogatj\u00e1k a m\u00e1sikat, ahol a ker\u00fclet k\u00fcl\u00f6nb\u00f6z\u0151 r\u00e9szein \u00e9l\u0151k bar\u00e1tk\u00e9nt \u00fcdv\u00f6zlik egym\u00e1st, \u00e9s ahol a k\u00f6z\u00f6ss\u00e9g \u00e9p\u00edt\u00e9se \u00e9s fenntart\u00e1sa nem csak puszt\u00e1ba ki\u00e1ltott sz\u00f3, hanem val\u00f3s\u00e1g.<br>Ennek a rendk\u00edv\u00fcli k\u00f6z\u00f6ss\u00e9gnek a tagjai a legut\u00f3bbi \u00f6nkorm\u00e1nyzati v\u00e1laszt\u00e1son azzal tiszteltek meg, hogy r\u00e1m b\u00edzt\u00e1k a ker\u00fclet vezet\u00e9s\u00e9t. Az \u00fczenet egy\u00e9rtelm\u0171 volt: \u00faj lend\u00fcletet hozni a ker\u00fclet \u00e9let\u00e9be, \u00fagy, hogy az itt \u00e9l\u0151 emberek sz\u00e1m\u00e1ra fontos \u00e9rt\u00e9keket meg\u0151rizz\u00fck.<br>Polg\u00e1rmesterk\u00e9nt \u00e9s soroks\u00e1rik\u00e9nt a c\u00e9lom, hogy egy modern, \u00e9lhet\u0151 ker\u00fcletet alak\u00edtsunk ki, amely a lakoss\u00e1g minden ig\u00e9ny\u00e9t, \u00e9s sz\u00fcks\u00e9gleteit kiel\u00e9g\u00edti, \u00fagy, hogy a hagyom\u00e1nyokat tiszteletben tartja. Soroks\u00e1r olyan hely, ahol a nagyv\u00e1rosi modern \u00e9let keveredik a kertv\u00e1ros minden pozit\u00edvum\u00e1val, ahol a belv\u00e1ros zaja elcsendes\u00fcl, \u00e9s \u00e1talakul tiszta, z\u00f6ld k\u00f6rnyezett\u00e9, ahol \u00f6r\u00f6m csal\u00e1dot alap\u00edtani, \u00e9s j\u00f3 \u00e9lni.<\/p>\n\n\n\n<p>\u00dcdv\u00f6zlettel<\/p>\n\n\n\n<p class=\"has-text-align-right\">Bese Ferenc<br>Soroks\u00e1r f\u00fcggetlen polg\u00e1rmestere<\/p>\n","protected":false},"excerpt":{"rendered":"<p>Szeretettel k\u00f6sz\u00f6nt\u00f6m \u00d6n\u00f6ket honlapomon. B\u00fcszk\u00e9n vallom, hogy Soroks\u00e1r nem csak egy \u00e1tlagos kertv\u00e1ros, nem csup\u00e1n a f\u0151v\u00e1ros egyik ker\u00fclete, hanem egy olyan hely, ahova j\u00f3 hazat\u00e9rni.Mi, Soroks\u00e1riak b\u00fcszk\u00e9k vagyunk a m\u00faltunkra, az egyedi \u00e9s sz\u00ednes kult\u00far\u00e1nkra, \u00e9p\u00edt\u00e9szeti remekeinkre, valamint a ker\u00fclet rendk\u00edv\u00fcli \u00e9s p\u00e1ratlan f\u00f6ldrajzi adotts\u00e1gaira. A t\u00f6k\u00e9letes kertv\u00e1rosi hangulattal, \u00e9s a sok sz\u00e1z \u00e9vre [&hellip;]<\/p>\n","protected":false},"author":1,"featured_media":0,"parent":0,"menu_order":0,"comment_status":"closed","ping_status":"closed","template":"","meta":{"footnotes":""},"class_list":["post-49","page","type-page","status-publish","hentry"],"_links":{"self":[{"href":"http:\/\/www.beseferenc.hu\/index.php?rest_route=\/wp\/v2\/pages\/49","targetHints":{"allow":["GET"]}}],"collection":[{"href":"http:\/\/www.beseferenc.hu\/index.php?rest_route=\/wp\/v2\/pages"}],"about":[{"href":"http:\/\/www.beseferenc.hu\/index.php?rest_route=\/wp\/v2\/types\/page"}],"author":[{"embeddable":true,"href":"http:\/\/www.beseferenc.hu\/index.php?rest_route=\/wp\/v2\/users\/1"}],"replies":[{"embeddable":true,"href":"http:\/\/www.beseferenc.hu\/index.php?rest_route=%2Fwp%2Fv2%2Fcomments&post=49"}],"version-history":[{"count":5,"href":"http:\/\/www.beseferenc.hu\/index.php?rest_route=\/wp\/v2\/pages\/49\/revisions"}],"predecessor-version":[{"id":57,"href":"http:\/\/www.beseferenc.hu\/index.php?rest_route=\/wp\/v2\/pages\/49\/revisions\/57"}],"wp:attachment":[{"href":"http:\/\/www.beseferenc.hu\/index.php?rest_route=%2Fwp%2Fv2%2Fmedia&parent=49"}],"curies":[{"name":"wp","href":"https:\/\/api.w.org\/{rel}","templated":true}]}}